{"id":274,"date":"2015-01-22T10:39:58","date_gmt":"2015-01-22T10:39:58","guid":{"rendered":"https:\/\/www.cartess.eu\/?page_id=274"},"modified":"2015-01-22T10:49:24","modified_gmt":"2015-01-22T10:49:24","slug":"ou-sommes-nous","status":"publish","type":"page","link":"https:\/\/www.cartess.eu\/fr\/ou-sommes-nous\/","title":{"rendered":"O\u00f9 sommes-nous"},"content":{"rendered":"<div id=\"tts_button\">\n<p><span id=\"result_box\" class=\"\" lang=\"fr\"><span class=\"hps\">Cartess<\/span> <span class=\"hps\">est<\/span><span class=\"\">:<\/span><\/span><\/p>\n<ul>\n<li><span id=\"result_box\" class=\"\" lang=\"fr\"><span class=\"hps\">via<\/span> <span class=\"hps\">Montespluga<\/span> <span class=\"hps\">29<\/span>, <span class=\"hps\">20021<\/span> <span class=\"hps\">Baranzate<\/span> <span class=\"hps\">(Milan<\/span>), Italie.<\/span><span id=\"result_box\" class=\"\" lang=\"fr\"><\/span><\/li>\n<\/ul>\n<p><span id=\"result_box\" class=\"\" lang=\"fr\"><span class=\"hps\">Way<\/span> <span class=\"hps\">utilisant<\/span> <span class=\"hps\">la carte<\/span> <span class=\"hps\">sur la gauche<\/span>, <span class=\"hps\">vous pouvez voir o\u00f9<\/span> <span class=\"hps\">notre soci\u00e9t\u00e9<\/span>.<\/p>\n<p><span class=\"hps\">En cliquant <a href=\"http:\/\/maps.google.it\/maps?f=q&amp;hl=it&amp;geocode=&amp;q=via+Montespluga+29,+Baranzate&amp;sll=41.442726,12.392578&amp;sspn=9.616595,22.763672&amp;ie=UTF8&amp;ll=45.533229,9.114618&amp;spn=0.017558,0.04446&amp;t=p&amp;z=14&amp;iwloc=A&amp;cid=45524408,9110395,15743726636870916716&amp;source=embed\" target=\"_blank\">sur ce<\/a><\/span><a href=\"http:\/\/maps.google.it\/maps?f=q&amp;hl=it&amp;geocode=&amp;q=via+Montespluga+29,+Baranzate&amp;sll=41.442726,12.392578&amp;sspn=9.616595,22.763672&amp;ie=UTF8&amp;ll=45.533229,9.114618&amp;spn=0.017558,0.04446&amp;t=p&amp;z=14&amp;iwloc=A&amp;cid=45524408,9110395,15743726636870916716&amp;source=embed\" target=\"_blank\"> <span class=\"hps\">lien<\/span><\/a> <span class=\"hps\">\u00e0 la place<\/span><span class=\"\">,<\/span> <span class=\"hps\">vous aurez<\/span> <span class=\"hps\">la chance de voir<\/span> <span class=\"hps\">une version plus grande<\/span> <span class=\"hps\">de la m\u00eame,<\/span> <span class=\"hps\">sur le site<\/span> <span class=\"hps\">Googlemaps<\/span>.<\/span><\/p>\n<p><span id=\"result_box\" class=\"short_text\" lang=\"fr\"><span class=\"hps\"><br \/>\n<\/span><\/span><\/div>\n","protected":false},"excerpt":{"rendered":"<p>Cartess est: via Montespluga 29, 20021 Baranzate (Milan), Italie. Way utilisant la carte sur la gauche, vous pouvez voir o\u00f9 notre soci\u00e9t\u00e9. En cliquant sur ce lien \u00e0 la place, vous aurez la chance de voir une version plus grande de la m\u00eame, sur le site Googlemaps.<\/p>\n","protected":false},"author":3,"featured_media":0,"parent":0,"menu_order":0,"comment_status":"closed","ping_status":"closed","template":"","meta":{"_acf_changed":false,"footnotes":""},"class_list":["post-274","page","type-page","status-publish","hentry"],"acf":[],"_links":{"self":[{"href":"https:\/\/www.cartess.eu\/fr\/wp-json\/wp\/v2\/pages\/274\/"}],"collection":[{"href":"https:\/\/www.cartess.eu\/fr\/wp-json\/wp\/v2\/pages\/"}],"about":[{"href":"https:\/\/www.cartess.eu\/fr\/wp-json\/wp\/v2\/types\/page\/"}],"author":[{"embeddable":true,"href":"https:\/\/www.cartess.eu\/fr\/wp-json\/wp\/v2\/users\/3\/"}],"replies":[{"embeddable":true,"href":"https:\/\/www.cartess.eu\/fr\/wp-json\/wp\/v2\/comments\/?post=274"}],"version-history":[{"count":3,"href":"https:\/\/www.cartess.eu\/fr\/wp-json\/wp\/v2\/pages\/274\/revisions\/"}],"predecessor-version":[{"id":290,"href":"https:\/\/www.cartess.eu\/fr\/wp-json\/wp\/v2\/pages\/274\/revisions\/290\/"}],"wp:attachment":[{"href":"https:\/\/www.cartess.eu\/fr\/wp-json\/wp\/v2\/media\/?parent=274"}],"curies":[{"name":"wp","href":"https:\/\/api.w.org\/{rel}","templated":true}]}}