{"id":258,"date":"2015-01-22T10:20:11","date_gmt":"2015-01-22T10:20:11","guid":{"rendered":"https:\/\/www.cartess.eu\/?page_id=258"},"modified":"2015-01-23T09:46:54","modified_gmt":"2015-01-23T09:46:54","slug":"societe","status":"publish","type":"page","link":"https:\/\/www.cartess.eu\/fr\/societe\/","title":{"rendered":"Societ\u00e9"},"content":{"rendered":"<p>Aujourd\u2019hui notre activit\u00e9 peut compter sur une structure d\u2019\u00e9prouv\u00e9 exp\u00e9rience compos\u00e9 principalement de deux entreprises qui font chef \u00e0 la m\u00eame direction commercial\u00a0 , CARTESS SRL et CASALCAMPIONARI SRL.<br \/>\nUn bureaux commercial pour l\u2019export pour l\u2019Allemande et autres pays du Nord Europe.<br \/>\nAu total sont employ\u00e9e 50 salari\u00e9s.<br \/>\nA\u2019 Baranzate on trouve les bureaux commerciaux et techniques et tous les productions papeterie et imprim\u00e9es, en plus les traitement des textiles, en pvc et la production de tableaux de couleurs.<br \/>\nA\u2019\u00a0 Casalmaggiore il y a l\u2019entrep\u00f4t r\u00e9ception des marchandises et la production des blocs papier peint<\/p>\n<p><strong>Les pays o\u00f9 nous exportons nos services:<\/strong><\/p>\n<p>AUSTRIA, BELGIO, FRANCIA, GERMANIA, INGHILTERRA, OLANDA, SVEZIA.<\/p>\n<p>&nbsp;<\/p>\n","protected":false},"excerpt":{"rendered":"<p>Aujourd\u2019hui notre activit\u00e9 peut compter sur une structure d\u2019\u00e9prouv\u00e9 exp\u00e9rience compos\u00e9 principalement de deux entreprises qui font chef \u00e0 la m\u00eame direction commercial\u00a0 , CARTESS SRL et CASALCAMPIONARI SRL. Un bureaux commercial pour l\u2019export pour l\u2019Allemande et autres pays du Nord Europe. Au total sont employ\u00e9e 50 salari\u00e9s. A\u2019 Baranzate on trouve les bureaux commerciaux [&hellip;]<\/p>\n","protected":false},"author":3,"featured_media":0,"parent":0,"menu_order":0,"comment_status":"closed","ping_status":"closed","template":"","meta":{"_acf_changed":false,"footnotes":""},"class_list":["post-258","page","type-page","status-publish","hentry"],"acf":[],"_links":{"self":[{"href":"https:\/\/www.cartess.eu\/fr\/wp-json\/wp\/v2\/pages\/258\/"}],"collection":[{"href":"https:\/\/www.cartess.eu\/fr\/wp-json\/wp\/v2\/pages\/"}],"about":[{"href":"https:\/\/www.cartess.eu\/fr\/wp-json\/wp\/v2\/types\/page\/"}],"author":[{"embeddable":true,"href":"https:\/\/www.cartess.eu\/fr\/wp-json\/wp\/v2\/users\/3\/"}],"replies":[{"embeddable":true,"href":"https:\/\/www.cartess.eu\/fr\/wp-json\/wp\/v2\/comments\/?post=258"}],"version-history":[{"count":2,"href":"https:\/\/www.cartess.eu\/fr\/wp-json\/wp\/v2\/pages\/258\/revisions\/"}],"predecessor-version":[{"id":309,"href":"https:\/\/www.cartess.eu\/fr\/wp-json\/wp\/v2\/pages\/258\/revisions\/309\/"}],"wp:attachment":[{"href":"https:\/\/www.cartess.eu\/fr\/wp-json\/wp\/v2\/media\/?parent=258"}],"curies":[{"name":"wp","href":"https:\/\/api.w.org\/{rel}","templated":true}]}}