{"id":317,"date":"2015-01-23T09:50:33","date_gmt":"2015-01-23T09:50:33","guid":{"rendered":"https:\/\/www.cartess.eu\/?page_id=317"},"modified":"2015-01-27T15:18:39","modified_gmt":"2015-01-27T15:18:39","slug":"digitaldruck","status":"publish","type":"page","link":"https:\/\/www.cartess.eu\/de\/digitaldruck\/","title":{"rendered":"Digitaldruck"},"content":{"rendered":"<p><em>Cartess steht f\u00fcr Innovation und Modernit\u00e4t im Bereich des Interior Designs. Unseren hohen Standards entsprechend, bieten wir unseren Kunden exzellenten Service und innovative Produkte.<\/em><\/p>\n<p><em>Vor \u00fcber 25 Jahren gegr\u00fcndet, geh\u00f6ren wir heute zu den wichtigsten Vertretern des Sektors in Europa.<\/em><\/p>\n<p><em>Unser Auge f\u00fcrs Detail und unser Bestreben, die Produktionsprozesse und \u2013maschinen kontinuierlich zu verbessern, charakterisieren unseren Service.<\/em><\/p>\n<p><em>\u00a0<\/em><\/p>\n<p><em>Mit der k\u00fcrzlich eingef\u00fchrten digitalen Druckmaschine Xeikon 8500 in unserem Werk in Baranzate, konnten wir unser Leistungsspektrum erneut erweitern.<\/em><\/p>\n<p>&nbsp;<\/p>\n<p><strong>WIE VERBESSERT SICH UNSER ANGEBOT DADURCH?<\/strong><\/p>\n<p>&nbsp;<\/p>\n<p>Der Digitaldruck mit der Xeikon 8500 bietet folgende Vorteile:<\/p>\n<ul>\n<li>Schnellere Reaktions- und Produktionszeiten<\/li>\n<li>Optimierte Handhabung der Drucksachen<\/li>\n<li>Vermeidung eines \u00fcberm\u00e4\u00dfigen Ausschusses<\/li>\n<li>Qualit\u00e4tskontrolle des Endproduktes: komplette \u00dcbereinstimmung zwischen Proof und Produkt<\/li>\n<\/ul>\n<p><strong>PRODUKTEIGENSCHAFTEN<\/strong><\/p>\n<ul>\n<li>4-farbiger Digitaldruck (Vorder- und R\u00fcckseite) auf 50cm breiten Rollen<\/li>\n<li>Anwendung auch auf Kunstdruckpapier, handgesch\u00f6pftem Papier und Vlies m\u00f6glich<\/li>\n<li>Optimale Aufl\u00f6sung bis zu 1200 DPI<\/li>\n<\/ul>\n<p><strong>IHRE VORTEILE<\/strong><\/p>\n<ul>\n<li>Drucke f\u00fcr die Produktion von Deckeln und Einlegern auch f\u00fcr kleinere Auflagen m\u00f6glich<\/li>\n<li>Herstellung von Prototypen mit gleichem oder h\u00f6herem Qualit\u00e4tsniveau im Vergleich zum herk\u00f6mmlichen Druck<\/li>\n<li>Optimale M\u00f6glichkeit f\u00fcr personalisierte Auflagen (Logoaufdruck, Nummernkreis etc.)<\/li>\n<\/ul>\n<p>Fertigung von Digitaldrucktapeten (Vlies) zu einem optimalen Preis-Leistungsverh\u00e4ltnis<\/p>\n","protected":false},"excerpt":{"rendered":"<p>Cartess steht f\u00fcr Innovation und Modernit\u00e4t im Bereich des Interior Designs. Unseren hohen Standards entsprechend, bieten wir unseren Kunden exzellenten Service und innovative Produkte. Vor \u00fcber 25 Jahren gegr\u00fcndet, geh\u00f6ren wir heute zu den wichtigsten Vertretern des Sektors in Europa. Unser Auge f\u00fcrs Detail und unser Bestreben, die Produktionsprozesse und \u2013maschinen kontinuierlich zu verbessern, charakterisieren [&hellip;]<\/p>\n","protected":false},"author":3,"featured_media":0,"parent":0,"menu_order":0,"comment_status":"closed","ping_status":"closed","template":"","meta":{"_acf_changed":false,"footnotes":""},"class_list":["post-317","page","type-page","status-publish","hentry"],"acf":[],"_links":{"self":[{"href":"https:\/\/www.cartess.eu\/de\/wp-json\/wp\/v2\/pages\/317\/"}],"collection":[{"href":"https:\/\/www.cartess.eu\/de\/wp-json\/wp\/v2\/pages\/"}],"about":[{"href":"https:\/\/www.cartess.eu\/de\/wp-json\/wp\/v2\/types\/page\/"}],"author":[{"embeddable":true,"href":"https:\/\/www.cartess.eu\/de\/wp-json\/wp\/v2\/users\/3\/"}],"replies":[{"embeddable":true,"href":"https:\/\/www.cartess.eu\/de\/wp-json\/wp\/v2\/comments\/?post=317"}],"version-history":[{"count":3,"href":"https:\/\/www.cartess.eu\/de\/wp-json\/wp\/v2\/pages\/317\/revisions\/"}],"predecessor-version":[{"id":345,"href":"https:\/\/www.cartess.eu\/de\/wp-json\/wp\/v2\/pages\/317\/revisions\/345\/"}],"wp:attachment":[{"href":"https:\/\/www.cartess.eu\/de\/wp-json\/wp\/v2\/media\/?parent=317"}],"curies":[{"name":"wp","href":"https:\/\/api.w.org\/{rel}","templated":true}]}}