{"id":315,"date":"2015-01-23T09:50:03","date_gmt":"2015-01-23T09:50:03","guid":{"rendered":"https:\/\/www.cartess.eu\/?page_id=315"},"modified":"2015-01-27T15:17:48","modified_gmt":"2015-01-27T15:17:48","slug":"musterkataloge","status":"publish","type":"page","link":"https:\/\/www.cartess.eu\/de\/musterkataloge\/","title":{"rendered":"Musterkataloge"},"content":{"rendered":"<p>Die Herstellung von Musterkatalogen f\u00fcr die Tapeten- und Textilindustrie z\u00e4hlt heute zu unseren wichtigsten Gesch\u00e4ftsbereichen.<br \/>\n1988 beginnt Cartess mit der Herstellung von Musterb\u00fcchern f\u00fcr Wand- und M\u00f6belstoffe. Sukzessive wird das Produktportfolio um den Bereich der Wandtapeten erweitert.<br \/>\nProduziert man zun\u00e4chst nur f\u00fcr italienische Hersteller, kommen schon bald neue M\u00e4rkte, wie Belgien, Frankreich, Deutschland oder Holland hinzu. Heute liegt unsere Exportrate bei \u00fcber 80%.<\/p>\n<p>F\u00fcr eine optimale und m\u00f6glichst reibungslose Auftragsabwicklung bieten wir einen umfassenden Service und begleiten unsere Kunden von der Projektplanung bis zur Abwicklung der Logistik.<\/p>\n<p><a href=\"https:\/\/www.cartess.eu\/wp-content\/uploads\/2011\/07\/Catalogo_bassaris.pdf\">Kataloge.pdf<\/a><\/p>\n","protected":false},"excerpt":{"rendered":"<p>Die Herstellung von Musterkatalogen f\u00fcr die Tapeten- und Textilindustrie z\u00e4hlt heute zu unseren wichtigsten Gesch\u00e4ftsbereichen. 1988 beginnt Cartess mit der Herstellung von Musterb\u00fcchern f\u00fcr Wand- und M\u00f6belstoffe. Sukzessive wird das Produktportfolio um den Bereich der Wandtapeten erweitert. Produziert man zun\u00e4chst nur f\u00fcr italienische Hersteller, kommen schon bald neue M\u00e4rkte, wie Belgien, Frankreich, Deutschland oder Holland [&hellip;]<\/p>\n","protected":false},"author":3,"featured_media":0,"parent":0,"menu_order":0,"comment_status":"closed","ping_status":"closed","template":"","meta":{"_acf_changed":false,"footnotes":""},"class_list":["post-315","page","type-page","status-publish","hentry"],"acf":[],"_links":{"self":[{"href":"https:\/\/www.cartess.eu\/de\/wp-json\/wp\/v2\/pages\/315\/"}],"collection":[{"href":"https:\/\/www.cartess.eu\/de\/wp-json\/wp\/v2\/pages\/"}],"about":[{"href":"https:\/\/www.cartess.eu\/de\/wp-json\/wp\/v2\/types\/page\/"}],"author":[{"embeddable":true,"href":"https:\/\/www.cartess.eu\/de\/wp-json\/wp\/v2\/users\/3\/"}],"replies":[{"embeddable":true,"href":"https:\/\/www.cartess.eu\/de\/wp-json\/wp\/v2\/comments\/?post=315"}],"version-history":[{"count":5,"href":"https:\/\/www.cartess.eu\/de\/wp-json\/wp\/v2\/pages\/315\/revisions\/"}],"predecessor-version":[{"id":344,"href":"https:\/\/www.cartess.eu\/de\/wp-json\/wp\/v2\/pages\/315\/revisions\/344\/"}],"wp:attachment":[{"href":"https:\/\/www.cartess.eu\/de\/wp-json\/wp\/v2\/media\/?parent=315"}],"curies":[{"name":"wp","href":"https:\/\/api.w.org\/{rel}","templated":true}]}}