{"id":263,"date":"2015-01-22T10:25:44","date_gmt":"2015-01-22T10:25:44","guid":{"rendered":"https:\/\/www.cartess.eu\/?page_id=263"},"modified":"2015-02-03T10:10:46","modified_gmt":"2015-02-03T10:10:46","slug":"betrieb","status":"publish","type":"page","link":"https:\/\/www.cartess.eu\/de\/betrieb\/","title":{"rendered":"Firma"},"content":{"rendered":"<p>Die Urspr\u00fcnge von Cartess liegen in der Produktion von Musterkatalogen f\u00fcr die Tapetenindustrie. 1988 gegr\u00fcndet, entwickelt sich Cartess im Laufe der Jahre zu einem der wichtigsten Vertreter des Sektors in Italien und Europa. Kontinuierliche Verbesserungen tragen zur stetigen Entwicklung des Unternehmens bei, sodass heute eine Vielzahl an M\u00f6glichkeiten der Papierverarbeitung zur Verf\u00fcgung stehen, mit denen immer wieder aufs Neue originelle und einzigartige Produkte gefertigt werden k\u00f6nnen. Ein besonderes Augenmerk liegt dabei stets auf der Qualit\u00e4t der Produkte und Services. Um den W\u00fcnschen der Kunden gerecht werden zu k\u00f6nnen, erweitert Cartess stetig sein Produktportfolio. Seit der Er\u00f6ffnung des neuen Firmensitzes in Baranzate 1998 (Produktionsfl\u00e4che: 2000m\u00b2) k\u00f6nnen Produkte in den folgenden Bereichen bezogen werden:<\/p>\n<ul>\n<li><em>Musterkataloge<\/em><\/li>\n<li><em>Papierverarbeitung<\/em><\/li>\n<li><em>Digitaldruck<\/em><\/li>\n<\/ul>\n<p>Unsere Dienstleistungen st\u00fctzen sich auf die langj\u00e4hrige Erfahrung und die erprobten Strukturen von CARTESS SRL und CASALCAMPIONARI SRL.<\/p>\n<p>Zudem verf\u00fcgen wir \u00fcber ein Vertriebsb\u00fcro f\u00fcr Deutschland, \u00d6sterreich und weitere L\u00e4nder Nordeuropas.<br \/>\nInsgesamt besch\u00e4ftigt unser Unternehmen ca. 50 Mitarbeiter. In Baranzate befinden sich die Vertriebsb\u00fcros, die Technikabteilung sowie die einzelnen Bereiche der Papierverarbeitung. Zudem werden verschiedene Stoffe sowie PVC verarbeitet und Farbkarten gefertigt.<br \/>\nIn Casalmaggiore befinden sich die Warenannahmelager sowie die Blockfertigung.<\/p>\n<p><strong>L\u00e4nder, in die wir unsere Dienstleistungen exportieren:<\/strong><\/p>\n<p>BELGIEN, DEUTSCHLAND, ENGLAND, FRANKREICH, NIEDERLANDE, \u00d6STERREICH, SCHWEDEN.<\/p>\n<p>&nbsp;<\/p>\n","protected":false},"excerpt":{"rendered":"<p>Die Urspr\u00fcnge von Cartess liegen in der Produktion von Musterkatalogen f\u00fcr die Tapetenindustrie. 1988 gegr\u00fcndet, entwickelt sich Cartess im Laufe der Jahre zu einem der wichtigsten Vertreter des Sektors in Italien und Europa. Kontinuierliche Verbesserungen tragen zur stetigen Entwicklung des Unternehmens bei, sodass heute eine Vielzahl an M\u00f6glichkeiten der Papierverarbeitung zur Verf\u00fcgung stehen, mit denen [&hellip;]<\/p>\n","protected":false},"author":3,"featured_media":0,"parent":0,"menu_order":0,"comment_status":"closed","ping_status":"closed","template":"","meta":{"_acf_changed":false,"footnotes":""},"class_list":["post-263","page","type-page","status-publish","hentry"],"acf":[],"_links":{"self":[{"href":"https:\/\/www.cartess.eu\/de\/wp-json\/wp\/v2\/pages\/263\/"}],"collection":[{"href":"https:\/\/www.cartess.eu\/de\/wp-json\/wp\/v2\/pages\/"}],"about":[{"href":"https:\/\/www.cartess.eu\/de\/wp-json\/wp\/v2\/types\/page\/"}],"author":[{"embeddable":true,"href":"https:\/\/www.cartess.eu\/de\/wp-json\/wp\/v2\/users\/3\/"}],"replies":[{"embeddable":true,"href":"https:\/\/www.cartess.eu\/de\/wp-json\/wp\/v2\/comments\/?post=263"}],"version-history":[{"count":6,"href":"https:\/\/www.cartess.eu\/de\/wp-json\/wp\/v2\/pages\/263\/revisions\/"}],"predecessor-version":[{"id":368,"href":"https:\/\/www.cartess.eu\/de\/wp-json\/wp\/v2\/pages\/263\/revisions\/368\/"}],"wp:attachment":[{"href":"https:\/\/www.cartess.eu\/de\/wp-json\/wp\/v2\/media\/?parent=263"}],"curies":[{"name":"wp","href":"https:\/\/api.w.org\/{rel}","templated":true}]}}